{"id":237,"date":"2019-10-12T14:24:02","date_gmt":"2019-10-12T14:24:02","guid":{"rendered":"https:\/\/netprocleaning.ca\/about\/"},"modified":"2026-01-06T20:25:06","modified_gmt":"2026-01-06T20:25:06","slug":"nettoyage-oreille","status":"publish","type":"page","link":"https:\/\/netprocleaning.ca\/en\/nettoyage-oreille\/","title":{"rendered":"About"},"content":{"rendered":"<div data-elementor-type=\"wp-page\" data-elementor-id=\"237\" class=\"elementor elementor-237\" data-elementor-post-type=\"page\">\n\t\t\t\t<div class=\"aux-parallax-section elementor-element elementor-element-8ada3bb e-flex e-con-boxed wpr-particle-no wpr-jarallax-no wpr-parallax-no wpr-sticky-section-no e-con e-parent\" data-id=\"8ada3bb\" data-element_type=\"container\" data-e-type=\"container\">\n\t\t\t\t\t<div class=\"e-con-inner\">\n\t\t<div class=\"elementor-element elementor-element-ad60e68 e-con-full e-flex wpr-particle-no wpr-jarallax-no wpr-parallax-no wpr-sticky-section-no e-con e-child\" data-id=\"ad60e68\" data-element_type=\"container\" data-e-type=\"container\">\n\t\t\t\t<div class=\"elementor-element elementor-element-c9e591d elementor-widget elementor-widget-aux_image\" data-id=\"c9e591d\" data-element_type=\"widget\" data-e-type=\"widget\" data-widget_type=\"aux_image.default\">\n\t\t\t\t<div class=\"elementor-widget-container\">\n\t\t\t\t\t<section class=\"widget-container aux-widget-image aux-alignnone aux-parent-auf71e2c0c\">\n    <div class=\"aux-media-hint-frame\">\n        <div class=\"aux-media-image\" >\n        \n            \n\n            \n            <img fetchpriority=\"high\" decoding=\"async\" width=\"1536\" height=\"1024\" src=\"data:image\/gif;base64,R0lGODlhAQABAIAAAAAAAP\/\/\/yH5BAEAAAAALAAAAAABAAEAAAIBRAA7\" class=\"aux-attachment aux-featured-image aux-attachment-id-558 aux-preload aux-blank\" alt=\"WhatsApp Image 2026-01-06 at 07.32.58\" data-ratio=\"1.5\" data-original-w=\"1536\" data-src=\"https:\/\/netprocleaning.ca\/wp-content\/uploads\/2026\/01\/WhatsApp-Image-2026-01-06-at-07.32.58.jpeg\" \/>            \n                <\/div>\n    <\/div>\n\n<\/section><!-- widget-container -->\t\t\t\t<\/div>\n\t\t\t\t<\/div>\n\t\t\t\t<\/div>\n\t\t<div class=\"elementor-element elementor-element-8eed2dd e-con-full e-flex wpr-particle-no wpr-jarallax-no wpr-parallax-no wpr-sticky-section-no e-con e-child\" data-id=\"8eed2dd\" data-element_type=\"container\" data-e-type=\"container\">\n\t\t\t\t<div class=\"elementor-element elementor-element-4dbc661 elementor-widget elementor-widget-aux_modern_heading\" data-id=\"4dbc661\" data-element_type=\"widget\" data-e-type=\"widget\" data-widget_type=\"aux_modern_heading.default\">\n\t\t\t\t<div class=\"elementor-widget-container\">\n\t\t\t\t\t<section class=\"aux-widget-modern-heading\">\n            <div class=\"aux-widget-inner\"><h5 class=\"aux-modern-heading-primary\">About<\/h5><h3 class=\"aux-modern-heading-secondary\"><span class=\"aux-head-before\">Our mission and values<\/span><\/h3><div class=\"aux-modern-heading-description\"><p>The mission of <strong data-start=\"172\" data-end=\"194\">NetPro Cleaning services <\/strong>is to offer an exceptional service enabling our clients to win in the free time while promoting financial stability and an environment that is positive and rewarding for our technicians. We are also committed to reducing our carbon footprint through environmentally friendly technology advanced and sustainable practices.<\/p><\/div><\/div>\n        <\/section>\t\t\t\t<\/div>\n\t\t\t\t<\/div>\n\t\t\t\t<div class=\"elementor-element elementor-element-9674935 elementor-widget elementor-widget-aux_modern_button\" data-id=\"9674935\" data-element_type=\"widget\" data-e-type=\"widget\" data-widget_type=\"aux_modern_button.default\">\n\t\t\t\t<div class=\"elementor-widget-container\">\n\t\t\t\t\t    <div class=\"aux-modern-button-wrapper aux-modern-button-align-left\" >\n                    <a class=\"aux-modern-button aux-black aux-modern-button-md aux-modern-button-normal aux-modern-button-default aux-icon-\" href=\"https:\/\/netprocleaning.ca\/en\/contact\/\">\n                <div class=\"aux-overlay\"><\/div>\n                                    <div class=\"aux-icon\">\n                                            <\/div>\n                                <div class=\"aux-text\">\n<span class=\"aux-text-before\">Contact us<\/span>                <\/div>\n            <\/a>\n            \n    <\/div>\n\n    \t\t\t\t<\/div>\n\t\t\t\t<\/div>\n\t\t\t\t<\/div>\n\t\t\t\t\t<\/div>\n\t\t\t\t<\/div>\n\t\t<div class=\"aux-parallax-section elementor-element elementor-element-529b609 e-flex e-con-boxed wpr-particle-no wpr-jarallax-no wpr-parallax-no wpr-sticky-section-no e-con e-parent\" data-id=\"529b609\" data-element_type=\"container\" data-e-type=\"container\" data-settings=\"{&quot;background_background&quot;:&quot;classic&quot;}\">\n\t\t\t\t\t<div class=\"e-con-inner\">\n\t\t<div class=\"elementor-element elementor-element-c59c545 e-con-full e-flex wpr-particle-no wpr-jarallax-no wpr-parallax-no wpr-sticky-section-no e-con e-child\" data-id=\"c59c545\" data-element_type=\"container\" data-e-type=\"container\">\n\t\t\t\t<div class=\"elementor-element elementor-element-8910023 elementor-widget elementor-widget-aux_modern_heading\" data-id=\"8910023\" data-element_type=\"widget\" data-e-type=\"widget\" data-widget_type=\"aux_modern_heading.default\">\n\t\t\t\t<div class=\"elementor-widget-container\">\n\t\t\t\t\t<section class=\"aux-widget-modern-heading\">\n            <div class=\"aux-widget-inner\"><h5 class=\"aux-modern-heading-primary\">Our customers<\/h5><h3 class=\"aux-modern-heading-secondary\"><span class=\"aux-head-before\">Reliable for thousands of individuals and businesses<\/span><\/h3><div class=\"aux-modern-heading-description\"><p data-start=\"208\" data-end=\"371\">Our team <strong data-start=\"224\" data-end=\"250\">dedicated customer service<\/strong> is always ready to provide prompt and efficient assistance to answer any of your questions or concerns.<\/p><\/div><\/div>\n        <\/section>\t\t\t\t<\/div>\n\t\t\t\t<\/div>\n\t\t\t\t<div class=\"elementor-element elementor-element-a74a73d elementor-widget elementor-widget-aux_modern_button\" data-id=\"a74a73d\" data-element_type=\"widget\" data-e-type=\"widget\" data-widget_type=\"aux_modern_button.default\">\n\t\t\t\t<div class=\"elementor-widget-container\">\n\t\t\t\t\t    <div class=\"aux-modern-button-wrapper aux-modern-button-align-center\" >\n                    <a class=\"aux-modern-button aux-black aux-modern-button-md aux-modern-button-normal aux-modern-button-default aux-icon-\" href=\"https:\/\/netprocleaning.ca\/en\/booking\/\">\n                <div class=\"aux-overlay\"><\/div>\n                                    <div class=\"aux-icon\">\n                                            <\/div>\n                                <div class=\"aux-text\">\n<span class=\"aux-text-before\">Free quote<\/span>                <\/div>\n            <\/a>\n            \n    <\/div>\n\n    \t\t\t\t<\/div>\n\t\t\t\t<\/div>\n\t\t\t\t<\/div>\n\t\t\t\t\t<\/div>\n\t\t\t\t<\/div>\n\t\t<div class=\"aux-parallax-section elementor-element elementor-element-7d6d815 e-flex e-con-boxed wpr-particle-no wpr-jarallax-no wpr-parallax-no wpr-sticky-section-no e-con e-parent\" data-id=\"7d6d815\" data-element_type=\"container\" data-e-type=\"container\" data-settings=\"{&quot;background_background&quot;:&quot;gradient&quot;}\">\n\t\t\t\t\t<div class=\"e-con-inner\">\n\t\t<div class=\"elementor-element elementor-element-310ce82 e-con-full e-flex wpr-particle-no wpr-jarallax-no wpr-parallax-no wpr-sticky-section-no e-con e-child\" data-id=\"310ce82\" data-element_type=\"container\" data-e-type=\"container\">\n\t\t\t\t<div class=\"elementor-element elementor-element-71cac5e elementor-widget elementor-widget-aux_modern_heading\" data-id=\"71cac5e\" data-element_type=\"widget\" data-e-type=\"widget\" data-widget_type=\"aux_modern_heading.default\">\n\t\t\t\t<div class=\"elementor-widget-container\">\n\t\t\t\t\t<section class=\"aux-widget-modern-heading\">\n            <div class=\"aux-widget-inner\"><h5 class=\"aux-modern-heading-primary\">Why choose us<\/h5><h3 class=\"aux-modern-heading-secondary\"><span class=\"aux-head-before\">Cleaning with integrity and respect<\/span><\/h3><\/div>\n        <\/section>\t\t\t\t<\/div>\n\t\t\t\t<\/div>\n\t\t<div class=\"elementor-element elementor-element-b00330e e-con-full e-flex wpr-particle-no wpr-jarallax-no wpr-parallax-no wpr-sticky-section-no e-con e-child\" data-id=\"b00330e\" data-element_type=\"container\" data-e-type=\"container\">\n\t\t<div class=\"elementor-element elementor-element-3e9ff9f e-con-full e-flex wpr-particle-no wpr-jarallax-no wpr-parallax-no wpr-sticky-section-no e-con e-child\" data-id=\"3e9ff9f\" data-element_type=\"container\" data-e-type=\"container\" data-settings=\"{&quot;background_background&quot;:&quot;classic&quot;}\">\n\t\t\t\t<div class=\"elementor-element elementor-element-bf28287 elementor-widget elementor-widget-aux_modern_heading\" data-id=\"bf28287\" data-element_type=\"widget\" data-e-type=\"widget\" data-widget_type=\"aux_modern_heading.default\">\n\t\t\t\t<div class=\"elementor-widget-container\">\n\t\t\t\t\t<section class=\"aux-widget-modern-heading\">\n            <div class=\"aux-widget-inner\"><h3 class=\"aux-modern-heading-primary\">Affordable rates and transparent<\/h3><p class=\"aux-modern-heading-secondary\"><span class=\"aux-head-before\">You can compare, but you will not find a better quality-price ratio for the level of service that we offer. In Net Pro Cleaning, we offer competitive rates with no hidden fees. In addition, we guarantee the quality of our work with a satisfaction guarantee : if you are not entirely satisfied with the cleaning, we will come back to correct it.<\/span><\/p><\/div>\n        <\/section>\t\t\t\t<\/div>\n\t\t\t\t<\/div>\n\t\t\t\t<\/div>\n\t\t<div class=\"elementor-element elementor-element-ee08456 e-con-full e-flex wpr-particle-no wpr-jarallax-no wpr-parallax-no wpr-sticky-section-no e-con e-child\" data-id=\"ee08456\" data-element_type=\"container\" data-e-type=\"container\" data-settings=\"{&quot;background_background&quot;:&quot;classic&quot;}\">\n\t\t\t\t<div class=\"elementor-element elementor-element-aaf4209 elementor-widget elementor-widget-aux_modern_heading\" data-id=\"aaf4209\" data-element_type=\"widget\" data-e-type=\"widget\" data-widget_type=\"aux_modern_heading.default\">\n\t\t\t\t<div class=\"elementor-widget-container\">\n\t\t\t\t\t<section class=\"aux-widget-modern-heading\">\n            <div class=\"aux-widget-inner\"><h3 class=\"aux-modern-heading-primary\">Commitment to quality<\/h3><p class=\"aux-modern-heading-secondary\"><span class=\"aux-head-before\">We are committed to providing exceptional service to each intervention. Our team adheres to the highest standards of cleanliness, ensuring that your home receives the same care that we're at ours. We constantly strive to exceed your expectations, using the best methods of cleaning, and eco-friendly products to ensure a space, immaculate and safe.<\/span><\/p><\/div>\n        <\/section>\t\t\t\t<\/div>\n\t\t\t\t<\/div>\n\t\t\t\t<\/div>\n\t\t<div class=\"elementor-element elementor-element-c7fa065 e-con-full e-flex wpr-particle-no wpr-jarallax-no wpr-parallax-no wpr-sticky-section-no e-con e-child\" data-id=\"c7fa065\" data-element_type=\"container\" data-e-type=\"container\" data-settings=\"{&quot;background_background&quot;:&quot;classic&quot;}\">\n\t\t\t\t<div class=\"elementor-element elementor-element-70108a8 elementor-widget elementor-widget-aux_modern_heading\" data-id=\"70108a8\" data-element_type=\"widget\" data-e-type=\"widget\" data-widget_type=\"aux_modern_heading.default\">\n\t\t\t\t<div class=\"elementor-widget-container\">\n\t\t\t\t\t<section class=\"aux-widget-modern-heading\">\n            <div class=\"aux-widget-inner\"><h3 class=\"aux-modern-heading-primary\">Cleaning Service custom<\/h3><p class=\"aux-modern-heading-secondary\"><span class=\"aux-head-before\">Each home is as unique as your cleaning needs. It is why we offer the cleanup plans customized to your specific preferences. We provide only the services you need, ensuring you a cleaning at the height of your expectations. If you have any questions or special requests, our team is always at your disposal to reply to you and ensure that you are comfortable with our methods.<\/span><\/p><\/div>\n        <\/section>\t\t\t\t<\/div>\n\t\t\t\t<\/div>\n\t\t\t\t<\/div>\n\t\t\t\t<\/div>\n\t\t\t\t<\/div>\n\t\t\t\t\t<\/div>\n\t\t\t\t<\/div>\n\t\t<div class=\"aux-parallax-section elementor-element elementor-element-1009c78 e-flex e-con-boxed wpr-particle-no wpr-jarallax-no wpr-parallax-no wpr-sticky-section-no e-con e-parent\" data-id=\"1009c78\" data-element_type=\"container\" data-e-type=\"container\">\n\t\t\t\t\t<div class=\"e-con-inner\">\n\t\t\t\t<div class=\"elementor-element elementor-element-45de878 elementor-hidden-desktop elementor-hidden-tablet elementor-hidden-mobile elementor-widget elementor-widget-heading\" data-id=\"45de878\" data-element_type=\"widget\" data-e-type=\"widget\" data-widget_type=\"heading.default\">\n\t\t\t\t<div class=\"elementor-widget-container\">\n\t\t\t\t\t<h2 class=\"elementor-heading-title elementor-size-default\">nettoyage oreille,nettoyage tapis ,nettoyage tapis<\/h2>\t\t\t\t<\/div>\n\t\t\t\t<\/div>\n\t\t\t\t\t<\/div>\n\t\t\t\t<\/div>\n\t\t\t\t<\/div>","protected":false},"excerpt":{"rendered":"<p>\u00c0 propos Notre mission et nos valeurs La mission de NetPro Cleaning services est d\u2019offrir un service exceptionnel permettant \u00e0 nos clients de gagner du temps libre, tout en favorisant la stabilit\u00e9 financi\u00e8re et un environnement positif et valorisant pour nos techniciens. Nous nous engageons \u00e9galement \u00e0 r\u00e9duire notre empreinte carbone gr\u00e2ce \u00e0 des technologies \u00e9cologiques avanc\u00e9es et \u00e0 des pratiques durables. Contactez-nous Nos clients Fiable pour des milliers de particuliers et d\u2019entreprises Notre \u00e9quipe de service client d\u00e9vou\u00e9e est toujours pr\u00eate \u00e0 fournir une assistance rapide et efficace pour r\u00e9pondre \u00e0 toutes vos questions ou pr\u00e9occupations. Devis gratuit Pourquoi nous choisir Un nettoyage avec int\u00e9grit\u00e9 et respect Tarifs abordables et transparents Vous pouvez comparer, mais vous ne trouverez pas un meilleur rapport qualit\u00e9-prix pour le niveau de service que nous offrons. Chez Net Pro Cleaning, nous proposons des tarifs comp\u00e9titifs sans frais cach\u00e9s. De plus, nous garantissons la qualit\u00e9 de notre travail avec une garantie de satisfaction : si vous n\u2019\u00eates pas enti\u00e8rement satisfait du nettoyage, nous reviendrons pour le corriger. Engagement envers la qualit\u00e9 Nous nous engageons \u00e0 fournir un service exceptionnel \u00e0 chaque intervention. Notre \u00e9quipe respecte les plus hauts standards de propret\u00e9, en veillant \u00e0 ce que votre domicile b\u00e9n\u00e9ficie du m\u00eame soin que nous apporterions au n\u00f4tre. Nous nous effor\u00e7ons constamment de d\u00e9passer vos attentes, en utilisant les meilleures m\u00e9thodes de nettoyage et des produits \u00e9cologiques pour garantir un espace immacul\u00e9 et s\u00fbr. Service de nettoyage personnalis\u00e9 Chaque domicile est unique, tout comme vos besoins en nettoyage. C\u2019est pourquoi nous proposons des plans de nettoyage sur mesure, adapt\u00e9s \u00e0 vos pr\u00e9f\u00e9rences sp\u00e9cifiques. Nous fournissons uniquement les services dont vous avez besoin, garantissant un nettoyage \u00e0 la hauteur de vos attentes. Si vous avez des questions ou des demandes particuli\u00e8res, notre \u00e9quipe se tient toujours \u00e0 votre disposition pour vous r\u00e9pondre et s\u2019assurer que vous \u00eates \u00e0 l\u2019aise avec nos m\u00e9thodes. nettoyage oreille,nettoyage tapis ,nettoyage tapis<\/p>","protected":false},"author":1,"featured_media":0,"parent":0,"menu_order":0,"comment_status":"closed","ping_status":"closed","template":"","meta":{"footnotes":""},"class_list":["post-237","page","type-page","status-publish","hentry"],"_hostinger_reach_plugin_has_subscription_block":false,"_hostinger_reach_plugin_is_elementor":false,"_links":{"self":[{"href":"https:\/\/netprocleaning.ca\/en\/wp-json\/wp\/v2\/pages\/237","targetHints":{"allow":["GET"]}}],"collection":[{"href":"https:\/\/netprocleaning.ca\/en\/wp-json\/wp\/v2\/pages"}],"about":[{"href":"https:\/\/netprocleaning.ca\/en\/wp-json\/wp\/v2\/types\/page"}],"author":[{"embeddable":true,"href":"https:\/\/netprocleaning.ca\/en\/wp-json\/wp\/v2\/users\/1"}],"replies":[{"embeddable":true,"href":"https:\/\/netprocleaning.ca\/en\/wp-json\/wp\/v2\/comments?post=237"}],"version-history":[{"count":28,"href":"https:\/\/netprocleaning.ca\/en\/wp-json\/wp\/v2\/pages\/237\/revisions"}],"predecessor-version":[{"id":582,"href":"https:\/\/netprocleaning.ca\/en\/wp-json\/wp\/v2\/pages\/237\/revisions\/582"}],"wp:attachment":[{"href":"https:\/\/netprocleaning.ca\/en\/wp-json\/wp\/v2\/media?parent=237"}],"curies":[{"name":"wp","href":"https:\/\/api.w.org\/{rel}","templated":true}]}}