{"id":234,"date":"2019-10-14T18:29:25","date_gmt":"2019-10-14T18:29:25","guid":{"rendered":"https:\/\/netprocleaning.ca\/blog\/"},"modified":"2025-12-27T19:23:50","modified_gmt":"2025-12-27T19:23:50","slug":"blog","status":"publish","type":"page","link":"https:\/\/netprocleaning.ca\/en\/blog\/","title":{"rendered":"Blog"},"content":{"rendered":"<div data-elementor-type=\"wp-page\" data-elementor-id=\"234\" class=\"elementor elementor-234\" data-elementor-post-type=\"page\">\n\t\t\t\t<div class=\"aux-parallax-section elementor-element elementor-element-98cf643 e-flex e-con-boxed wpr-particle-no wpr-jarallax-no wpr-parallax-no wpr-sticky-section-no e-con e-parent\" data-id=\"98cf643\" data-element_type=\"container\" data-e-type=\"container\">\n\t\t\t\t\t<div class=\"e-con-inner\">\n\t\t<div class=\"elementor-element elementor-element-fe56f4f e-con-full e-flex wpr-particle-no wpr-jarallax-no wpr-parallax-no wpr-sticky-section-no e-con e-child\" data-id=\"fe56f4f\" data-element_type=\"container\" data-e-type=\"container\">\n\t\t\t\t<div class=\"elementor-element elementor-element-ee5d4f1 elementor-widget elementor-widget-aux_modern_heading\" data-id=\"ee5d4f1\" data-element_type=\"widget\" data-e-type=\"widget\" data-widget_type=\"aux_modern_heading.default\">\n\t\t\t\t<div class=\"elementor-widget-container\">\n\t\t\t\t\t<section class=\"aux-widget-modern-heading\">\n            <div class=\"aux-widget-inner\"><h5 class=\"aux-modern-heading-primary\"> Blog and Articles<\/h5><h3 class=\"aux-modern-heading-secondary\"><span class=\"aux-head-before\">Recent news<\/span><\/h3><\/div>\n        <\/section>\t\t\t\t<\/div>\n\t\t\t\t<\/div>\n\t\t\t\t<\/div>\n\t\t\t\t\t<\/div>\n\t\t\t\t<\/div>\n\t\t<div class=\"aux-parallax-section elementor-element elementor-element-b7fb167 e-flex e-con-boxed wpr-particle-no wpr-jarallax-no wpr-parallax-no wpr-sticky-section-no e-con e-parent\" data-id=\"b7fb167\" data-element_type=\"container\" data-e-type=\"container\">\n\t\t\t\t\t<div class=\"e-con-inner\">\n\t\t\t\t<div class=\"elementor-element elementor-element-45a616e elementor-grid-eael-col-4 elementor-grid-tablet-eael-col-2 elementor-grid-mobile-eael-col-1 elementor-widget elementor-widget-eael-post-grid\" data-id=\"45a616e\" data-element_type=\"widget\" data-e-type=\"widget\" data-settings=\"{&quot;eael_post_grid_columns&quot;:&quot;eael-col-4&quot;,&quot;eael_post_grid_columns_tablet&quot;:&quot;eael-col-2&quot;,&quot;eael_post_grid_columns_mobile&quot;:&quot;eael-col-1&quot;}\" data-widget_type=\"eael-post-grid.default\">\n\t\t\t\t<div class=\"elementor-widget-container\">\n\t\t\t\t\t<div id=\"eael-post-grid-45a616e\" class=\"eael-post-grid-container\">\n            <div class=\"eael-post-grid eael-post-appender eael-post-appender-45a616e eael-post-grid-style-one\" data-layout-mode=\"masonry\"><article class=\"eael-grid-post  eael-post-grid-column eael-pg-post-222 category-uncategorized\" data-id=\"222\">\n        <div class=\"eael-grid-post-holder\">\n            <div class=\"eael-grid-post-holder-inner\"><div class=\"eael-entry-media\"><div class=\"eael-entry-overlay fade-in\"><i class=\"fas fa-long-arrow-alt-right\" aria-hidden=\"true\"><\/i><a href=\"https:\/\/netprocleaning.ca\/en\/nettoyage-doreille\/\"><\/a><\/div><div class=\"eael-entry-thumbnail\">\n                <img fetchpriority=\"high\" decoding=\"async\" width=\"300\" height=\"300\" src=\"https:\/\/netprocleaning.ca\/wp-content\/uploads\/2026\/01\/WhatsApp-Image-2026-01-06-at-07.36.28-300x300.jpeg\" class=\"attachment-medium size-medium wp-image-557\" alt=\"\" srcset=\"https:\/\/netprocleaning.ca\/wp-content\/uploads\/2026\/01\/WhatsApp-Image-2026-01-06-at-07.36.28-300x300.jpeg 300w, https:\/\/netprocleaning.ca\/wp-content\/uploads\/2026\/01\/WhatsApp-Image-2026-01-06-at-07.36.28-1024x1024.jpeg 1024w, https:\/\/netprocleaning.ca\/wp-content\/uploads\/2026\/01\/WhatsApp-Image-2026-01-06-at-07.36.28-150x150.jpeg 150w, https:\/\/netprocleaning.ca\/wp-content\/uploads\/2026\/01\/WhatsApp-Image-2026-01-06-at-07.36.28-768x768.jpeg 768w\" sizes=\"(max-width: 300px) 100vw, 300px\" \/>\n            <\/div>\n        <\/div><div class=\"eael-entry-wrapper\"><header class=\"eael-entry-header\"><h2 class=\"eael-entry-title\"><a class=\"eael-grid-post-link\" href=\"https:\/\/netprocleaning.ca\/en\/nettoyage-doreille\/\" title=\"Cleaning tips for interior spotless\">Cleaning tips for interior spotless<\/a><\/h2><\/header><div class=\"eael-entry-content\">\n                        <div class=\"eael-grid-post-excerpt\"><p>Cleaning tips for interior flawless In Net Pro...<\/p><a href=\"https:\/\/netprocleaning.ca\/en\/nettoyage-doreille\/\" class=\"eael-post-elements-readmore-btn\">Read More<\/a><\/div>\n                    <\/div><\/div><\/div>\n        <\/div>\n    <\/article><\/div>\n            <div class=\"clearfix\"><\/div>\n        <\/div>\t\t\t\t<\/div>\n\t\t\t\t<\/div>\n\t\t\t\t\t<\/div>\n\t\t\t\t<\/div>\n\t\t\t\t<\/div>","protected":false},"excerpt":{"rendered":"<p>Blog et Articles Actualit\u00e9s r\u00e9centes Conseils de nettoyage pour un int\u00e9rieur impeccable Conseils de nettoyage pour un int\u00e9rieur impeccable Chez Net Pro&#8230; Read More<\/p>","protected":false},"author":1,"featured_media":0,"parent":0,"menu_order":0,"comment_status":"closed","ping_status":"closed","template":"templates\/page-builder-content.php","meta":{"footnotes":""},"class_list":["post-234","page","type-page","status-publish","hentry"],"_hostinger_reach_plugin_has_subscription_block":false,"_hostinger_reach_plugin_is_elementor":false,"_links":{"self":[{"href":"https:\/\/netprocleaning.ca\/en\/wp-json\/wp\/v2\/pages\/234","targetHints":{"allow":["GET"]}}],"collection":[{"href":"https:\/\/netprocleaning.ca\/en\/wp-json\/wp\/v2\/pages"}],"about":[{"href":"https:\/\/netprocleaning.ca\/en\/wp-json\/wp\/v2\/types\/page"}],"author":[{"embeddable":true,"href":"https:\/\/netprocleaning.ca\/en\/wp-json\/wp\/v2\/users\/1"}],"replies":[{"embeddable":true,"href":"https:\/\/netprocleaning.ca\/en\/wp-json\/wp\/v2\/comments?post=234"}],"version-history":[{"count":10,"href":"https:\/\/netprocleaning.ca\/en\/wp-json\/wp\/v2\/pages\/234\/revisions"}],"predecessor-version":[{"id":526,"href":"https:\/\/netprocleaning.ca\/en\/wp-json\/wp\/v2\/pages\/234\/revisions\/526"}],"wp:attachment":[{"href":"https:\/\/netprocleaning.ca\/en\/wp-json\/wp\/v2\/media?parent=234"}],"curies":[{"name":"wp","href":"https:\/\/api.w.org\/{rel}","templated":true}]}}